{"id":1232,"date":"2017-07-11T15:06:27","date_gmt":"2017-07-11T15:06:27","guid":{"rendered":"http:\/\/www.jsj-javea.com\/?page_id=1232\/"},"modified":"2017-07-21T11:19:08","modified_gmt":"2017-07-21T11:19:08","slug":"home","status":"publish","type":"page","link":"https:\/\/www.jsj-javea.com\/de\/","title":{"rendered":"Home"},"content":{"rendered":"<div id='layer_slider_1' class='avia-layerslider main_color avia-shadow  container_wrap sidebar_right'    style='height: 401px;' ><\/div>\n<div class=\"flex_column av_one_fourth  flex_column_div av-zero-column-padding first  \" style='border-radius:0px; '><article class=\"iconbox iconbox_top main_color   \"  itemscope=\"itemscope\" itemtype=\"https:\/\/schema.org\/CreativeWork\" ><div class=\"iconbox_content\"><header class=\"entry-content-header\"><a href='https:\/\/www.jsj-javea.com\/de\/jin-shin-jyutsu\/' title='Jin Shin Jyutsu'  class=\"iconbox_icon heading-color\" aria-hidden='true' data-av_icon='\ue837' data-av_iconfont='entypo-fontello'  ><\/a><h3 class='iconbox_content_title'  itemprop=\"headline\"  ><a href='https:\/\/www.jsj-javea.com\/de\/jin-shin-jyutsu\/' title='Jin Shin Jyutsu' >Jin Shin Jyutsu<\/a><\/h3><\/header><div class='iconbox_content_container '  itemprop=\"text\"  ><p>F\u00fcr diejenigen, die ohne Stress und Gesundheitsbeschwerden leben m\u00f6chten, ist Jin Shin Jyutsu genau das Richtige, da es so einfach, f\u00fcr jeden anwendbar ist und eine unglaubliche Wirkung hat. Wer es einmal f\u00fcr sich entdeckt hat, wird immer dankbar daf\u00fcr sein.<\/p>\n<\/div><\/div><footer class=\"entry-footer\"><\/footer><\/article><\/div><div class=\"flex_column av_one_fourth  flex_column_div av-zero-column-padding   \" style='border-radius:0px; '><article class=\"iconbox iconbox_top main_color   \"  itemscope=\"itemscope\" itemtype=\"https:\/\/schema.org\/CreativeWork\" ><div class=\"iconbox_content\"><header class=\"entry-content-header\"><a href='https:\/\/www.jsj-javea.com\/de\/allergietest\/' title='ALLERGIETEST'  class=\"iconbox_icon heading-color\" aria-hidden='true' data-av_icon='\ue920' data-av_iconfont='entypo-fontello'  ><\/a><h3 class='iconbox_content_title'  itemprop=\"headline\"  ><a href='https:\/\/www.jsj-javea.com\/de\/allergietest\/' title='ALLERGIETEST' >ALLERGIETEST<\/a><\/h3><\/header><div class='iconbox_content_container '  itemprop=\"text\"  ><div data-canvas-width=\"314.83200000000005\">Anhand eines Lebensmittelunvertr\u00e4glichkeitstests kannst du umgehend herausfinden, auf welche Substanzen du empfindlich reagierts. Wenn du diese f\u00fcr eine gewisse Zeit von deinem Speiseplan streichst, wird es dir bald erheblich besser gehen.<\/div>\n<\/div><\/div><footer class=\"entry-footer\"><\/footer><\/article><\/div><div class=\"flex_column av_one_fourth  flex_column_div av-zero-column-padding   \" style='border-radius:0px; '><article class=\"iconbox iconbox_top main_color   \"  itemscope=\"itemscope\" itemtype=\"https:\/\/schema.org\/CreativeWork\" ><div class=\"iconbox_content\"><header class=\"entry-content-header\"><a href='https:\/\/www.jsj-javea.com\/de\/massage-mit-bambusrohren\/' title='BAMBUSMASSAGE'  class=\"iconbox_icon heading-color\" aria-hidden='true' data-av_icon='\ue80b' data-av_iconfont='entypo-fontello'  ><\/a><h3 class='iconbox_content_title'  itemprop=\"headline\"  ><a href='https:\/\/www.jsj-javea.com\/de\/massage-mit-bambusrohren\/' title='BAMBUSMASSAGE' >BAMBUSMASSAGE<\/a><\/h3><\/header><div class='iconbox_content_container '  itemprop=\"text\"  ><div data-canvas-width=\"419.72799999999984\">M\u00f6chtest du auf nat\u00fcrliche Art und Weise deinen Stress abbauen?<\/div>\n<div data-canvas-width=\"545.1360000000001\">Diese wohltuende, alternative Therapie belebt dich von Kopf bis Fu\u00df und l\u00e4sst deine<\/div>\n<div data-canvas-width=\"575.4399999999997\">Fettp\u00f6lsterchen schmelzen. Doch das sind noch lange nicht alle ihrer zahlreichen Vorteile.<\/div>\n<\/div><\/div><footer class=\"entry-footer\"><\/footer><\/article><\/div><\/p>\n<div class=\"flex_column av_one_fourth  flex_column_div av-zero-column-padding   \" style='border-radius:0px; '><article class=\"iconbox iconbox_top main_color   \"  itemscope=\"itemscope\" itemtype=\"https:\/\/schema.org\/CreativeWork\" ><div class=\"iconbox_content\"><header class=\"entry-content-header\"><a href='https:\/\/www.jsj-javea.com\/de\/selbsthilfekurs\/' title='SELBSTHILFEKURSE'  class=\"iconbox_icon heading-color\" aria-hidden='true' data-av_icon='\ue866' data-av_iconfont='entypo-fontello'  ><\/a><h3 class='iconbox_content_title'  itemprop=\"headline\"  ><a href='https:\/\/www.jsj-javea.com\/de\/selbsthilfekurs\/' title='SELBSTHILFEKURSE' >SELBSTHILFEKURSE<\/a><\/h3><\/header><div class='iconbox_content_container '  itemprop=\"text\"  ><div data-canvas-width=\"607.7119999999999\">Sie bestehen aus mehreren Treffen, zu denen ich dich herzlich einlade, die m\u00e4chtige Kunst der<\/div>\n<div data-canvas-width=\"610.5759999999999\">Harmonisierung und Erneuerung der Lebensenergie anhand von einfachen Selbshilfegriffen zu<\/div>\n<div data-canvas-width=\"56.38399999999999\">erlernen.<\/div>\n<\/div><\/div><footer class=\"entry-footer\"><\/footer><\/article><\/div>\n","protected":false},"excerpt":{"rendered":"","protected":false},"author":1,"featured_media":0,"parent":0,"menu_order":0,"comment_status":"closed","ping_status":"closed","template":"","meta":{"_joinchat":[]},"_links":{"self":[{"href":"https:\/\/www.jsj-javea.com\/de\/wp-json\/wp\/v2\/pages\/1232"}],"collection":[{"href":"https:\/\/www.jsj-javea.com\/de\/wp-json\/wp\/v2\/pages"}],"about":[{"href":"https:\/\/www.jsj-javea.com\/de\/wp-json\/wp\/v2\/types\/page"}],"author":[{"embeddable":true,"href":"https:\/\/www.jsj-javea.com\/de\/wp-json\/wp\/v2\/users\/1"}],"replies":[{"embeddable":true,"href":"https:\/\/www.jsj-javea.com\/de\/wp-json\/wp\/v2\/comments?post=1232"}],"version-history":[{"count":8,"href":"https:\/\/www.jsj-javea.com\/de\/wp-json\/wp\/v2\/pages\/1232\/revisions"}],"predecessor-version":[{"id":1281,"href":"https:\/\/www.jsj-javea.com\/de\/wp-json\/wp\/v2\/pages\/1232\/revisions\/1281"}],"wp:attachment":[{"href":"https:\/\/www.jsj-javea.com\/de\/wp-json\/wp\/v2\/media?parent=1232"}],"curies":[{"name":"wp","href":"https:\/\/api.w.org\/{rel}","templated":true}]}}