{"id":1213,"date":"2017-07-10T12:56:34","date_gmt":"2017-07-10T12:56:34","guid":{"rendered":"http:\/\/www.jsj-javea.com\/self-help-workshop\/"},"modified":"2017-07-26T17:25:41","modified_gmt":"2017-07-26T17:25:41","slug":"selbsthilfekurs","status":"publish","type":"page","link":"https:\/\/www.jsj-javea.com\/de\/selbsthilfekurs\/","title":{"rendered":"SELBSTHILFEKURS"},"content":{"rendered":"<div style='padding-bottom:15px;color:#7e9e44;font-size:24px;' class='av-special-heading av-special-heading-h1 custom-color-heading blockquote modern-quote modern-centered  av-inherit-size'><h1 class='av-special-heading-tag'  itemprop=\"headline\"  >SELBSTHILFEKURS<\/h1><div class ='av-subheading av-subheading_below av_custom_color' style='font-size:15px;'><p>Gesundheit liegt in deinen H\u00e4nden<\/p>\n<\/div><div class='special-heading-border'><div class='special-heading-inner-border' style='border-color:#7e9e44'><\/div><\/div><\/div>\n<div class='avia-image-container  av-styling-   avia-align-center '  itemscope=\"itemscope\" itemtype=\"https:\/\/schema.org\/ImageObject\"  ><div class='avia-image-container-inner'><img class='avia_image ' src='https:\/\/www.jsj-javea.com\/wp-content\/uploads\/2017\/07\/talleres-autoayuda-corinna-hagen.jpg' alt='' title='talleres-autoayuda-corinna-hagen'   itemprop=\"thumbnailUrl\"  \/><\/div><\/div>\n<section class=\"av_textblock_section\"  itemscope=\"itemscope\" itemtype=\"https:\/\/schema.org\/CreativeWork\" ><div class='avia_textblock '   itemprop=\"text\" ><p><strong><u>JIN SHIN JYUTSU- die Kunst der Selbsheilung durch Auflegen der H\u00e4nde<\/u><\/strong><\/p>\n<p>Jin Shin Jyutsu ist eine alte Heilkunst zur Harmonisierung der Lebensenergie. Sie ist f\u00fcr jeden leicht zu erlernen und anwendbar.<\/p>\n<p>In meinem Selbshilfekurs, der aus acht zweist\u00fcndigen w\u00f6chentlichen Treffen (oder einem intensiven Wochenende) besteht, m\u00f6chte ich dich herzlich dazu einladen, diese einfache, jedoch wirkungsvolle Kunst anhand von Selbsthilfe- \u00dcbungen zu \u201cerforschen\u201d. Hierbei zeige ich dir einige Mudras (Fingerhaltungen), um Blockaden der Organfunktionen zu l\u00f6sen, deine Lebensenrgie zu st\u00e4rken sowie Trauer, Angst, Sorge, Wut etc. zu harmonisieren, Sch\u00fcchternheit zu \u00fcberwinden und Depressionen aufzul\u00f6sen.<\/p>\n<p>Desweiteren f\u00fchre ich die 26 \u201cSicherheitsschl\u00f6sser\u201d samt Bedeutung und Funktionen ein. Bei jedem Treffen lernst du verschiedene Selbshilfe- \u00dcbungen zur Verh\u00fctung und Heilung von Krankheiten, indem du bestimmte Punkte ber\u00fchrst.<\/p>\n<p>Jin Shin Jyutsu hilft bei allen Krankheiten und Wehwehchen, inklusive bei Allergien, Kopfschmerzen, Stress, Verdauungsproblemen, Essst\u00f6rungen, typischen Frauen- und M\u00e4nnerbeschwerden, Gem\u00fctsschwankungen, Arthritis, Hautproblemen, Krebs, Unfruchtbarkeit sowie w\u00e4hrend der Schwangerschaft und bei der Geburt.<\/p>\n<p>Wir sind alle in der Lage uns selbst zu heilen.<\/p>\n<\/div><\/section>\n","protected":false},"excerpt":{"rendered":"","protected":false},"author":1,"featured_media":0,"parent":0,"menu_order":0,"comment_status":"closed","ping_status":"closed","template":"","meta":{"_joinchat":[]},"_links":{"self":[{"href":"https:\/\/www.jsj-javea.com\/de\/wp-json\/wp\/v2\/pages\/1213"}],"collection":[{"href":"https:\/\/www.jsj-javea.com\/de\/wp-json\/wp\/v2\/pages"}],"about":[{"href":"https:\/\/www.jsj-javea.com\/de\/wp-json\/wp\/v2\/types\/page"}],"author":[{"embeddable":true,"href":"https:\/\/www.jsj-javea.com\/de\/wp-json\/wp\/v2\/users\/1"}],"replies":[{"embeddable":true,"href":"https:\/\/www.jsj-javea.com\/de\/wp-json\/wp\/v2\/comments?post=1213"}],"version-history":[{"count":4,"href":"https:\/\/www.jsj-javea.com\/de\/wp-json\/wp\/v2\/pages\/1213\/revisions"}],"predecessor-version":[{"id":1329,"href":"https:\/\/www.jsj-javea.com\/de\/wp-json\/wp\/v2\/pages\/1213\/revisions\/1329"}],"wp:attachment":[{"href":"https:\/\/www.jsj-javea.com\/de\/wp-json\/wp\/v2\/media?parent=1213"}],"curies":[{"name":"wp","href":"https:\/\/api.w.org\/{rel}","templated":true}]}}