{"id":1164,"date":"2017-07-06T11:45:22","date_gmt":"2017-07-06T11:45:22","guid":{"rendered":"http:\/\/www.jsj-javea.com\/?page_id=1164\/"},"modified":"2017-07-26T17:32:43","modified_gmt":"2017-07-26T17:32:43","slug":"kontak","status":"publish","type":"page","link":"https:\/\/www.jsj-javea.com\/de\/kontak\/","title":{"rendered":"Kontakt"},"content":{"rendered":"<div style='padding-bottom:10px;' class='av-special-heading av-special-heading-h3   '><h3 class='av-special-heading-tag'  itemprop=\"headline\"  >Wie kann ich dir helfen?<\/h3><div class='special-heading-border'><div class='special-heading-inner-border' ><\/div><\/div><\/div>\n<div class='avia-builder-widget-area clearfix '><section id=\"text-9\" class=\"widget clearfix widget_text\"><h3 class=\"widgettitle\">Terminvergabe f\u00fcr<\/h3>\t\t\t<div class=\"textwidget\"><span class=\"av_font_icon avia_animate_when_visible av-icon-style-  av-no-color avia-icon-pos-left \" style=\"\"><span class='av-icon-char' style='font-size:17px;line-height:17px;' aria-hidden='true' data-av_icon='\ue842' data-av_iconfont='entypo-fontello' ><\/span><\/span>J\u00e1vea \u00b7 Moraira \u00b7 Denia\r\n<\/br>\r\n<span class=\"av_font_icon avia_animate_when_visible av-icon-style-  av-no-color avia-icon-pos-left \" style=\"\"><span class='av-icon-char' style='font-size:15px;line-height:15px;' aria-hidden='true' data-av_icon='\ue854' data-av_iconfont='entypo-fontello' ><\/span><\/span>645 118 729\r\n<\/br>\r\n<span class=\"av_font_icon avia_animate_when_visible av-icon-style-  av-no-color avia-icon-pos-left \" style=\"\"><span class='av-icon-char' style='font-size:15px;line-height:15px;' aria-hidden='true' data-av_icon='\ue862' data-av_iconfont='entypo-fontello' ><\/span><\/span>Von Mo \u2013 Fr:  von 9:30 bis 20 Uhr\r\nSamstags: von 10 bis 14 Uhr\r\n<\/div>\n\t\t<span class=\"seperator extralight-border\"><\/span><\/section><\/div>\n<div style='padding-bottom:10px;' class='av-special-heading av-special-heading-h3    '><h3 class='av-special-heading-tag'  itemprop=\"headline\"  >Pol\u00edtica de protecci\u00f3n de datos<\/h3><div class='special-heading-border'><div class='special-heading-inner-border' ><\/div><\/div><\/div>\n<section class=\"av_textblock_section\"  itemscope=\"itemscope\" itemtype=\"https:\/\/schema.org\/CreativeWork\" ><div class='avia_textblock '   itemprop=\"text\" ><p>\u201cEn cumplimiento de lo dispuesto en el art\u00edculo 5 de la Ley Org\u00e1nica 15\/1999, de 13 de diciembre, de Protecci\u00f3n de Datos de Car\u00e1cter Personal, le informamos que sus datos personales se insertar\u00e1n en un fichero de datos bajo la responsabilidad de jsj-javea.com. La finalidad de tratamiento de sus datos personales se refiere a la adecuada tramitaci\u00f3n de su petici\u00f3n o solicitud. En todo caso, le recordamos la posibilidad de ejercitar, en cualquier momento, sus derechos de acceso, rectificaci\u00f3n, cancelaci\u00f3n y\/o oposici\u00f3n, de conformidad con la legislaci\u00f3n aplicable\u201d.<\/p>\n<div class=\"clear\"><\/div>\n<\/div><\/section>\n","protected":false},"excerpt":{"rendered":"","protected":false},"author":1,"featured_media":0,"parent":0,"menu_order":0,"comment_status":"open","ping_status":"open","template":"","meta":{"_joinchat":[]},"_links":{"self":[{"href":"https:\/\/www.jsj-javea.com\/de\/wp-json\/wp\/v2\/pages\/1164"}],"collection":[{"href":"https:\/\/www.jsj-javea.com\/de\/wp-json\/wp\/v2\/pages"}],"about":[{"href":"https:\/\/www.jsj-javea.com\/de\/wp-json\/wp\/v2\/types\/page"}],"author":[{"embeddable":true,"href":"https:\/\/www.jsj-javea.com\/de\/wp-json\/wp\/v2\/users\/1"}],"replies":[{"embeddable":true,"href":"https:\/\/www.jsj-javea.com\/de\/wp-json\/wp\/v2\/comments?post=1164"}],"version-history":[{"count":4,"href":"https:\/\/www.jsj-javea.com\/de\/wp-json\/wp\/v2\/pages\/1164\/revisions"}],"predecessor-version":[{"id":1331,"href":"https:\/\/www.jsj-javea.com\/de\/wp-json\/wp\/v2\/pages\/1164\/revisions\/1331"}],"wp:attachment":[{"href":"https:\/\/www.jsj-javea.com\/de\/wp-json\/wp\/v2\/media?parent=1164"}],"curies":[{"name":"wp","href":"https:\/\/api.w.org\/{rel}","templated":true}]}}