{"id":1095,"date":"2017-07-04T15:47:29","date_gmt":"2017-07-04T15:47:29","guid":{"rendered":"http:\/\/www.jsj-javea.com\/?page_id=1095\/"},"modified":"2017-07-26T16:49:52","modified_gmt":"2017-07-26T16:49:52","slug":"massage-mit-bambusrohren","status":"publish","type":"page","link":"https:\/\/www.jsj-javea.com\/de\/massage-mit-bambusrohren\/","title":{"rendered":"Bambusmassage"},"content":{"rendered":"<div style='padding-bottom:15px;color:#7e9e44;font-size:24px;' class='av-special-heading av-special-heading-h1 custom-color-heading blockquote modern-quote modern-centered  av-inherit-size'><h1 class='av-special-heading-tag'  itemprop=\"headline\"  >MASSAGE MIT BAMBUSROHREN<\/h1><div class='special-heading-border'><div class='special-heading-inner-border' style='border-color:#7e9e44'><\/div><\/div><\/div>\n<div class='avia-image-container  av-styling-   avia-align-center '  itemscope=\"itemscope\" itemtype=\"https:\/\/schema.org\/ImageObject\"  ><div class='avia-image-container-inner'><img class='avia_image ' src='https:\/\/www.jsj-javea.com\/wp-content\/uploads\/2017\/07\/importancia-terapias-bambu.jpg' alt='' title='importancia-terapias-bambu'   itemprop=\"thumbnailUrl\"  \/><\/div><\/div>\n<section class=\"av_textblock_section\"  itemscope=\"itemscope\" itemtype=\"https:\/\/schema.org\/CreativeWork\" ><div class='avia_textblock '   itemprop=\"text\" ><p>Der Bambus ist das Symbol des fernen Ostens und steht f\u00fcr Flexibilit\u00e4t, Sch\u00f6nheit, St\u00e4rke, Wohlstand, Frieden und Gl\u00fcck.<\/p>\n<p>W\u00e4hrend einer typischen Massage werden Bambusrohre unterschiedlicher Gr\u00f6\u00dfen (lange, kurze,dicke und d\u00fcnne) unter leichtem Druck und anhand verschiedener Techniken (Kneten, Walken, Klopfen etc.) verwendet, um den K\u00f6rper zu regenerieren und zu entspannen.<\/p>\n<p><span style=\"font-size: large;\">\u00a0<\/span><\/p>\n<\/div><\/section>\n<section class=\"av_textblock_section\"  itemscope=\"itemscope\" itemtype=\"https:\/\/schema.org\/CreativeWork\" ><div class='avia_textblock '   itemprop=\"text\" ><p><img decoding=\"async\" loading=\"lazy\" class=\"alignleft size-full wp-image-1096\" src=\"http:\/\/www.jsj-javea.com\/wp-content\/uploads\/2017\/07\/masajes-bambu.jpg\" alt=\"\" width=\"420\" height=\"279\" srcset=\"https:\/\/www.jsj-javea.com\/wp-content\/uploads\/2017\/07\/masajes-bambu.jpg 420w, https:\/\/www.jsj-javea.com\/wp-content\/uploads\/2017\/07\/masajes-bambu-300x199.jpg 300w\" sizes=\"(max-width: 420px) 100vw, 420px\" \/><\/p>\n<p><u>Vorteile einer Massage mit Bambusrohren:<\/u><\/p>\n<p>&#8211; entspannt K\u00f6rper, Geist und Seele<\/p>\n<p>&#8211; hilft bei Arthritis und Arthrose<\/p>\n<p>&#8211; lindert Schmerzen in Nacken und Schultern<\/p>\n<p>&#8211; st\u00e4rkt die Muskeln<\/p>\n<p>&#8211; reduziert Zellulitis<\/p>\n<p>&#8211; \u00f6ffnet die Chakren<\/p>\n<p>&#8211; wirkt wie ein \u201cFacelift\u201d und hilft bei Akne<\/p>\n<p>&#8211; macht den K\u00f6rper geschmeidig<\/p>\n<p>&#8211; baut Stress ab<\/p>\n<p>-entschlackt das Lymphgef\u00e4\u00dfsystem<\/p>\n<p>&#8211; unterst\u00fctzt den Blutkreislauf<\/p>\n<\/div><\/section>\n","protected":false},"excerpt":{"rendered":"","protected":false},"author":1,"featured_media":0,"parent":0,"menu_order":0,"comment_status":"closed","ping_status":"closed","template":"","meta":{"_joinchat":[]},"_links":{"self":[{"href":"https:\/\/www.jsj-javea.com\/de\/wp-json\/wp\/v2\/pages\/1095"}],"collection":[{"href":"https:\/\/www.jsj-javea.com\/de\/wp-json\/wp\/v2\/pages"}],"about":[{"href":"https:\/\/www.jsj-javea.com\/de\/wp-json\/wp\/v2\/types\/page"}],"author":[{"embeddable":true,"href":"https:\/\/www.jsj-javea.com\/de\/wp-json\/wp\/v2\/users\/1"}],"replies":[{"embeddable":true,"href":"https:\/\/www.jsj-javea.com\/de\/wp-json\/wp\/v2\/comments?post=1095"}],"version-history":[{"count":4,"href":"https:\/\/www.jsj-javea.com\/de\/wp-json\/wp\/v2\/pages\/1095\/revisions"}],"predecessor-version":[{"id":1306,"href":"https:\/\/www.jsj-javea.com\/de\/wp-json\/wp\/v2\/pages\/1095\/revisions\/1306"}],"wp:attachment":[{"href":"https:\/\/www.jsj-javea.com\/de\/wp-json\/wp\/v2\/media?parent=1095"}],"curies":[{"name":"wp","href":"https:\/\/api.w.org\/{rel}","templated":true}]}}