{"id":1080,"date":"2017-07-04T15:22:32","date_gmt":"2017-07-04T15:22:32","guid":{"rendered":"http:\/\/www.jsj-javea.com\/?page_id=1080\/"},"modified":"2017-07-26T17:07:25","modified_gmt":"2017-07-26T17:07:25","slug":"allergietest","status":"publish","type":"page","link":"https:\/\/www.jsj-javea.com\/de\/allergietest\/","title":{"rendered":"Allergietest"},"content":{"rendered":"<div style='padding-bottom:15px;color:#7e9e44;font-size:24px;' class='av-special-heading av-special-heading-h1 custom-color-heading blockquote modern-quote modern-centered  av-inherit-size'><h1 class='av-special-heading-tag'  itemprop=\"headline\"  >ABNEHMEN OHNE SELBSTKASTEIUNG? GANZ EINFACH! KURBELN SIE IHREN STOFFWECHSEL AN UND ESSEN SIE NUR DAS, WAS SIE WIRKLICH VERTRAGEN.<\/h1><div class='special-heading-border'><div class='special-heading-inner-border' style='border-color:#7e9e44'><\/div><\/div><\/div>\n<div class='avia-image-container  av-styling-   avia-align-center '  itemscope=\"itemscope\" itemtype=\"https:\/\/schema.org\/ImageObject\"  ><div class='avia-image-container-inner'><img class='avia_image ' src='https:\/\/www.jsj-javea.com\/wp-content\/uploads\/2013\/07\/comida.jpg' alt='Test intolerancia alimentaria' title='Comida Sana'   itemprop=\"thumbnailUrl\"  \/><\/div><\/div>\n<section class=\"av_textblock_section\"  itemscope=\"itemscope\" itemtype=\"https:\/\/schema.org\/CreativeWork\" ><div class='avia_textblock '   itemprop=\"text\" ><p><img decoding=\"async\" loading=\"lazy\" class=\"alignleft\" title=\"Lebensmittelunvertr\u00e4glichkeitstest\" src=\"http:\/\/www.jsj-javea.com\/wp-content\/uploads\/2013\/08\/Captura-de-pantalla-2013-08-01-a-las-12.09.05-300x64.png\" alt=\"Lebensmittelunvertr\u00e4glichkeitstest\" width=\"300\" height=\"64\" \/>Je besser der Stoffwechsel funktioniert, desto schneller ist der K\u00f6rper in der Lage, Fett und Kalorien zu verbrennen.<\/p>\n<p>Wenn Sie also Ihr Idealgewicht erreichen m\u00f6chten oder halten wollen und dabei gleichzeitig gesund bleiben wollen, empfehlen wir Ihnen Folgendes:<\/p>\n<p>1. Bevor Sie Ihre Essgewohnheiten ver\u00e4ndern, vergewissern Sie sich bitte, welche Substanzen Sie auch wirklich vertragen. Alles, was Sie nicht vertragen, verlangsamt bzw. sch\u00e4digt Ihrem Stoffwechsel und wirkt sich negativ auf Ihre Gesundheit, Ihr Wohlbefinden und letztendlich auf Ihr Gewicht aus. Machen Sie einen Lebensmittelunvertr\u00e4glichkeitstest (Vega Test), bevor Sie mit Ihrer Di\u00e4t starten, um sicher zu gehen, dass das, was Sie zu sich nehmen, auch wirklich gut f\u00fcr Sie ist. Selbst der als gesund geltende Salat kann Ihrer Gesundheit schaden, wenn Sie ihn nicht vertragen.<\/p>\n<p>2. Treiben Sie regelm\u00e4\u00dfig Sport, \u00fcben Sie jedoch nur solche Sportarten aus, die Ihnen Spa\u00df machen! Versuchen Sie es mit Schwimmen, Yoga, Wandern, Joggen oder Tennis) Je aktiver Sie sind, desto schneller arbeitet Ihr Stoffwechsel!<\/p>\n<p>3. Vermeiden Sie Fertignahrung und abgepackte Produkte, die voller Konservierungsstoffe, Farbstoffe, ges\u00e4ttigten oder oxidierten Fetten, Zucker und \u00fcberfl\u00fcssigen Kalorien stecken! Sie beeintr\u00e4chtigt ihre Stoffwechselfunktion!<\/p>\n<p>4. Nehmen Sie t\u00e4glich lieber vier bis f\u00fcnf kleinere Mahlzeiten anstelle von drei \u00fcppigeren zu sich! So wird Ihr K\u00f6rper konstanter mit N\u00e4hrstoffen versorgt, was sich wiederum positiv auf Ihren Stoffwechsel auswirkt.<\/p>\n<p>5. Beginnen Sie den Tag mit einem gesunden und reichhaltigen Fr\u00fchst\u00fcck (Fr\u00fcchte, M\u00fcsli, Vollkornbrot etc.)! Das gibt Ihnen viel Energie f\u00fcr den ganzen Tag mit dem Nebeneffekt, dass morgens die Kalorien schneller verbrannt werden als mittags und abends.<\/p>\n<p>6. Vermeiden Sie fettiges Essen und Snacks! Fettarme Proteinquellen wie frischer Fisch aus kalten Gew\u00e4ssern oder mageres Fleisch versorgt Ihren K\u00f6rper mit Energie, die effizient weiter verarbeitet werden kann.<\/p>\n<p>7. Essen Sie dazu viel frisches Obst und Gem\u00fcse, um Ihre Verdauung anzuregen!<\/p>\n<p>8. Trinken Sie mehr Wasser! Ihr K\u00f6rper braucht t\u00e4glich mindestens 1,5 l stilles klares Wasser, das aber m\u00f6glichst nicht w\u00e4hrend der Mahlzeiten getrunken werden sollte, da es die Magens\u00e4fte verd\u00fcnnt und so die Verdauung verlangsamt.<\/p>\n<p>9. Hungern Sie nicht! Wenn Sie Hunger versp\u00fcren, arbeitet Ihr Stoffwechsel nicht mehr so schnell, weil Ihr K\u00f6rper versucht, Energie zu speichern, indem er mehr Fettreserven ansammelt, wobei die Geschwindigkeit bei der Nahrung in Treibstoff verbrannt wird sich erheblich verringert.<\/p>\n<p>10. Machen Sie den zuverl\u00e4ssigen, schmerzfreien Vega Test mit sofortigen Resultaten in einer unserer Beratungsstellen bei Hanny Dee ! Tel.: 0034\/645118729 (17 \u2013 21h). F\u00fcr 60\u20ac testen wir Sie auf \u00fcber 120 Substanzen mit sofortigen Ergebnissen. Au\u00dferdem erhalten Sie von uns eine ausf\u00fchrliche Vitamin- und Mineralienanalyse, Ern\u00e4hrungstipps und eine Info-Brosch\u00fcre.<\/p>\n<\/div><\/section>\n<section class=\"av_textblock_section\"  itemscope=\"itemscope\" itemtype=\"https:\/\/schema.org\/CreativeWork\" ><div class='avia_textblock '   itemprop=\"text\" ><p><span style=\"font-size: large;\">El bamb\u00fa es el s\u00edmbolo del mundo oriental. Simboliza fuerza, belleza, prosperidad, flexibilidad, paz y buena suerte. Seg\u00fan la creencia china carga la energ\u00eda del sol, del viento, de la lluvia y de la tierra. Beneficios del masaje con ca\u00f1as de bamb\u00fa:<\/span><\/p>\n<\/div><\/section>\n","protected":false},"excerpt":{"rendered":"","protected":false},"author":1,"featured_media":0,"parent":0,"menu_order":0,"comment_status":"open","ping_status":"open","template":"","meta":{"_joinchat":[]},"_links":{"self":[{"href":"https:\/\/www.jsj-javea.com\/de\/wp-json\/wp\/v2\/pages\/1080"}],"collection":[{"href":"https:\/\/www.jsj-javea.com\/de\/wp-json\/wp\/v2\/pages"}],"about":[{"href":"https:\/\/www.jsj-javea.com\/de\/wp-json\/wp\/v2\/types\/page"}],"author":[{"embeddable":true,"href":"https:\/\/www.jsj-javea.com\/de\/wp-json\/wp\/v2\/users\/1"}],"replies":[{"embeddable":true,"href":"https:\/\/www.jsj-javea.com\/de\/wp-json\/wp\/v2\/comments?post=1080"}],"version-history":[{"count":4,"href":"https:\/\/www.jsj-javea.com\/de\/wp-json\/wp\/v2\/pages\/1080\/revisions"}],"predecessor-version":[{"id":1317,"href":"https:\/\/www.jsj-javea.com\/de\/wp-json\/wp\/v2\/pages\/1080\/revisions\/1317"}],"wp:attachment":[{"href":"https:\/\/www.jsj-javea.com\/de\/wp-json\/wp\/v2\/media?parent=1080"}],"curies":[{"name":"wp","href":"https:\/\/api.w.org\/{rel}","templated":true}]}}