{"id":1062,"date":"2017-07-04T15:08:05","date_gmt":"2017-07-04T15:08:05","guid":{"rendered":"http:\/\/www.jsj-javea.com\/?page_id=1062\/"},"modified":"2017-07-26T17:01:08","modified_gmt":"2017-07-26T17:01:08","slug":"jin-shin-jyutsu","status":"publish","type":"page","link":"https:\/\/www.jsj-javea.com\/de\/jin-shin-jyutsu\/","title":{"rendered":"Jin Shin Jyutsu"},"content":{"rendered":"<div style='padding-bottom:15px;color:#7e9e44;font-size:24px;' class='av-special-heading av-special-heading-h3 custom-color-heading blockquote modern-quote modern-centered  av-inherit-size'><h3 class='av-special-heading-tag'  itemprop=\"headline\"  >JIN SHIN JYUTSU- DIE HEILENDE BER\u00dcHRUNG <\/h3><div class ='av-subheading av-subheading_below av_custom_color' style='font-size:15px;'><p>Die Kunst des Gl\u00fccklichseins, der Langlebigkeit und der Lebensf\u00fclle!<\/p>\n<\/div><div class='special-heading-border'><div class='special-heading-inner-border' style='border-color:#7e9e44'><\/div><\/div><\/div>\n<div class='avia-image-container  av-styling-   avia-align-center '  itemscope=\"itemscope\" itemtype=\"https:\/\/schema.org\/ImageObject\"  ><div class='avia-image-container-inner'><img class='avia_image ' src='http:\/\/www.jsj-javea.com\/wp-content\/uploads\/2013\/08\/Corinna-Hagen-JSJ-Javea-845x684.jpg' alt='' title=''   itemprop=\"thumbnailUrl\"  \/><\/div><\/div>\n<section class=\"av_textblock_section\"  itemscope=\"itemscope\" itemtype=\"https:\/\/schema.org\/CreativeWork\" ><div class='avia_textblock '   itemprop=\"text\" ><p><!--:de--><\/p>\n<p><img decoding=\"async\" loading=\"lazy\" class=\" wp-image-768 alignleft\" title=\"Jin Shin Jyutsu\" src=\"http:\/\/www.jsj-javea.com\/wp-content\/uploads\/2013\/07\/logo_JinShin-131x300.jpg\" alt=\"Descubre el Jin Shin Jyutsu en J\u00e1vea\" width=\"118\" height=\"270\" srcset=\"https:\/\/www.jsj-javea.com\/wp-content\/uploads\/2013\/07\/logo_JinShin-131x300.jpg 131w, https:\/\/www.jsj-javea.com\/wp-content\/uploads\/2013\/07\/logo_JinShin-447x1024.jpg 447w, https:\/\/www.jsj-javea.com\/wp-content\/uploads\/2013\/07\/logo_JinShin.jpg 967w\" sizes=\"(max-width: 118px) 100vw, 118px\" \/><\/p>\n<p><strong>Jin Shin Jyutsu<\/strong> ist eine uralte Kunst zur Harmonisierung der Lebensenergie, die Anfang des 20. Jahrhunderts von dem Japaner Jiro Murai wieder entdeckt wurde.<\/p>\n<p>Es ist weitl\u00e4ufig mit Akupressur zu vergleichen, da es Blockaden l\u00f6st und sich so positiv auf K\u00f6rper, Geist und Psyche auswirkt. Beim Jin Shin Jyutsu \u00f6ffnet man unter leichtem Fingerdruck\u00a0 verschiedene Energiepunkte, die sich auf unserem K\u00f6rper befinden. Wenn einer oder mehrere davon blockiert sind, k\u00f6nnen Disharmonien entstehen, die sich in <strong>Sorgen, Traurigkeit, Angst und Wut<\/strong> \u00e4u\u00dfern und sich fr\u00fcher oder sp\u00e4ter <strong>chronisch<\/strong> auf unsere Gesundheit auswirken. Allgemeines <strong>Unwohlsein, Schlaflosigkeit, Verstopfung, Asthma, Migr\u00e4ne, Arthritis, Ischias, Multiple Sklerose, R\u00fcckenschmerzen, Fibromyalgie<\/strong> sind nur einige von vielen typischen Symptomen.<\/p>\n<p>Eine\u00a0 Jin Shin Jyutsu-Behandlung (keine Massage!!) dauert etwa 60 Minuten (inkl. Selbsthilfetipps), sie ist entspannend und harmonisiert K\u00f6rper, Geist &amp; Seele,<\/p>\n<ul>\n<li><strong>st\u00e4rkt das Immunsystem,- entgiftet den K\u00f6rper,<\/strong><\/li>\n<li><strong>unterst\u00fctzt beim Abnehmen<\/strong><\/li>\n<li><strong>harmonisiert Trauer, Wut, Sorgen, Angst etc.,<\/strong><\/li>\n<li><strong>st\u00e4rkt lebenswichtige Organe (Leber, Nieren, Blase. Lungen etc.)<\/strong><\/li>\n<li><strong>verbessert das Hautbild und die Ausstrahlung<\/strong><\/li>\n<li><strong>beugt Krankheiten vor und lindert jede Art von Schmerzen<\/strong><\/li>\n<\/ul>\n<p><br style=\"text-align: justify;\" \/><!--:--><\/p>\n<\/div><\/section>\n<div class=\"flex_column av_one_half  flex_column_div av-zero-column-padding first  \" style='border-radius:0px; '><form action=\"https:\/\/www.jsj-javea.com\/de\/jin-shin-jyutsu\/\" method=\"post\"  class=\"avia_ajax_form av-form-labels-visible   \" data-avia-form-id=\"1\" data-avia-redirect=''><fieldset><h3>Noch Fragen?<\/h3><p class=' first_form  form_element form_fullwidth' id='element_avia_1_1'><label for=\"avia_1_1\">Nombre <abbr class=\"required\" title=\"required\">*<\/abbr><\/label> <input name=\"avia_1_1\" class=\"text_input is_empty\" type=\"text\" id=\"avia_1_1\" value=\"\" \/><\/p><p class=' first_form  form_element form_fullwidth' id='element_avia_2_1'><label for=\"avia_2_1\">Correo electr\u00f3nico <abbr class=\"required\" title=\"required\">*<\/abbr><\/label> <input name=\"avia_2_1\" class=\"text_input is_email\" type=\"text\" id=\"avia_2_1\" value=\"\" \/><\/p><p class=' first_form  form_element form_fullwidth' id='element_avia_3_1'><label for=\"avia_3_1\">Asunto <abbr class=\"required\" title=\"required\">*<\/abbr><\/label> <input name=\"avia_3_1\" class=\"text_input is_empty\" type=\"text\" id=\"avia_3_1\" value=\"\" \/><\/p><p class=' first_form  form_element form_fullwidth av-last-visible-form-element' id='element_avia_4_1'>\t <label for=\"avia_4_1\" class=\"textare_label hidden textare_label_avia_4_1\">Mensaje <abbr class=\"required\" title=\"required\">*<\/abbr><\/label>\t <textarea  name=\"avia_4_1\" class=\"text_area is_empty\" cols=\"40\" rows=\"7\" id=\"avia_4_1\" ><\/textarea><\/p><p class=\"hidden\"><input type=\"text\" name=\"avia_5_1\" class=\"hidden \" id=\"avia_5_1\" value=\"\" \/><\/p><p class=\"form_element \"><input type=\"hidden\" value=\"1\" name=\"avia_generated_form1\" \/><input type=\"submit\" value=\"Enviar\" class=\"button\"  data-sending-label=\"Sending\"\/><\/p><\/fieldset><\/form><div id=\"ajaxresponse_1\" class=\"ajaxresponse ajaxresponse_1 hidden\"><\/div><\/div>\n<div class=\"flex_column av_one_half  flex_column_div av-zero-column-padding   \" style='border-radius:0px; '><div class='avia-builder-widget-area clearfix '><section id=\"text-9\" class=\"widget clearfix widget_text\"><h3 class=\"widgettitle\">Terminvergabe f\u00fcr<\/h3>\t\t\t<div class=\"textwidget\"><span class=\"av_font_icon avia_animate_when_visible av-icon-style-  av-no-color avia-icon-pos-left \" style=\"\"><span class='av-icon-char' style='font-size:17px;line-height:17px;' aria-hidden='true' data-av_icon='\ue842' data-av_iconfont='entypo-fontello' ><\/span><\/span>J\u00e1vea \u00b7 Moraira \u00b7 Denia\r\n<\/br>\r\n<span class=\"av_font_icon avia_animate_when_visible av-icon-style-  av-no-color avia-icon-pos-left \" style=\"\"><span class='av-icon-char' style='font-size:15px;line-height:15px;' aria-hidden='true' data-av_icon='\ue854' data-av_iconfont='entypo-fontello' ><\/span><\/span>645 118 729\r\n<\/br>\r\n<span class=\"av_font_icon avia_animate_when_visible av-icon-style-  av-no-color avia-icon-pos-left \" style=\"\"><span class='av-icon-char' style='font-size:15px;line-height:15px;' aria-hidden='true' data-av_icon='\ue862' data-av_iconfont='entypo-fontello' ><\/span><\/span>Von Mo \u2013 Fr:  von 9:30 bis 20 Uhr\r\nSamstags: von 10 bis 14 Uhr\r\n<\/div>\n\t\t<span class=\"seperator extralight-border\"><\/span><\/section><\/div><\/div>\n","protected":false},"excerpt":{"rendered":"","protected":false},"author":1,"featured_media":0,"parent":0,"menu_order":0,"comment_status":"open","ping_status":"open","template":"","meta":{"_joinchat":[]},"_links":{"self":[{"href":"https:\/\/www.jsj-javea.com\/de\/wp-json\/wp\/v2\/pages\/1062"}],"collection":[{"href":"https:\/\/www.jsj-javea.com\/de\/wp-json\/wp\/v2\/pages"}],"about":[{"href":"https:\/\/www.jsj-javea.com\/de\/wp-json\/wp\/v2\/types\/page"}],"author":[{"embeddable":true,"href":"https:\/\/www.jsj-javea.com\/de\/wp-json\/wp\/v2\/users\/1"}],"replies":[{"embeddable":true,"href":"https:\/\/www.jsj-javea.com\/de\/wp-json\/wp\/v2\/comments?post=1062"}],"version-history":[{"count":7,"href":"https:\/\/www.jsj-javea.com\/de\/wp-json\/wp\/v2\/pages\/1062\/revisions"}],"predecessor-version":[{"id":1315,"href":"https:\/\/www.jsj-javea.com\/de\/wp-json\/wp\/v2\/pages\/1062\/revisions\/1315"}],"wp:attachment":[{"href":"https:\/\/www.jsj-javea.com\/de\/wp-json\/wp\/v2\/media?parent=1062"}],"curies":[{"name":"wp","href":"https:\/\/api.w.org\/{rel}","templated":true}]}}