{"id":1040,"date":"2017-07-04T13:58:54","date_gmt":"2017-07-04T13:58:54","guid":{"rendered":"http:\/\/www.jsj-javea.com\/?page_id=1040\/"},"modified":"2018-12-04T11:09:15","modified_gmt":"2018-12-04T11:09:15","slug":"ueber-mich","status":"publish","type":"page","link":"https:\/\/www.jsj-javea.com\/de\/ueber-mich\/","title":{"rendered":"\u00dcber mich"},"content":{"rendered":"<div class=\"flex_column av_one_half  flex_column_div av-zero-column-padding first  \" style='border-radius:0px; '><div class='avia-image-container  av-styling-   avia-align-left '  itemscope=\"itemscope\" itemtype=\"https:\/\/schema.org\/ImageObject\"  ><div class='avia-image-container-inner'><img class='avia_image ' src='https:\/\/www.jsj-javea.com\/wp-content\/uploads\/2017\/07\/Corinna-Hagen-Terapias-Naturopatia-Javea.jpg' alt='' title='Corinna-Hagen-Terapias-Naturopatia-Javea'   itemprop=\"thumbnailUrl\"  \/><\/div><\/div><\/div>\n<div class=\"flex_column av_one_half  flex_column_div av-zero-column-padding   \" style='border-radius:0px; '><section class=\"av_textblock_section\"  itemscope=\"itemscope\" itemtype=\"https:\/\/schema.org\/CreativeWork\" ><div class='avia_textblock '   itemprop=\"text\" ><div class=\"document-page\" data-page=\"1\">\n<div class=\"pdf-page\">\n<div class=\"text-wrapper user-select-text\">\n<div data-canvas-width=\"552.4586666666667\">Hallo, ich hei\u00dfe Corinna Hagen und ich wei\u00df, dass ich Ihnen helfen kann!<\/div>\n<div>\u200b<\/div>\n<\/div>\n<\/div>\n<\/div>\n<div class=\"swiper-slide scrollable focusable swiper-slide-document swiper-slide-active swiper-no-swiping\" tabindex=\"0\" role=\"option\" aria-selected=\"false\" data-index=\"0\" data-swiper-slide-index=\"0\">\n<div class=\"document-container io-ox-core-pdf\">\n<div class=\"document-page\" data-page=\"2\">\n<div class=\"pdf-page\">\n<div class=\"text-wrapper user-select-text\">\n<div data-canvas-width=\"624.9226666666666\">Ich bin Cori (f\u00fcr meine Freunde), \u00dcbersetzerin, Sprachlehrerin und Heilpraktikerin<\/div>\n<div data-canvas-width=\"561.8293333333334\">von Beruf. Nach zahlreichen Umz\u00fcgen und Auslandsaufenthalten habe ich<\/div>\n<div data-canvas-width=\"619.9200000000003\">gl\u00fccklicherweise endlich in J\u00e1vea, einer wundersch\u00f6nen Kleinstadt am spanischen<\/div>\n<div data-canvas-width=\"629.6266666666666\">Mittelmeer, Wurzeln geschlagen, wo ich seit 12 Jahren mit meiner Tochter, meinem<\/div>\n<div data-canvas-width=\"463.8666666666667\">Partner und umgeben von guten Freunden und Nachbarn lebe.<\/div>\n<div data-canvas-width=\"552.9813333333333\">Da ich von Geburt an neugierig bin, habe ich in meinem Leben sehr viele<\/div>\n<div data-canvas-width=\"622.9440000000002\">verschiedene Sachen gemacht, vor allem Reisen sowie Aus-und Fortbildungen, die<\/div>\n<div data-canvas-width=\"616.8213333333334\">mir weitergeholfen und meinen Horizont erweitert haben. Dennoch war das beste,<\/div>\n<div data-canvas-width=\"559.9253333333334\">was ich je gemacht habe, meine Ausbildung zur offiziellen Jin Shin Jyutsu<\/div>\n<div data-canvas-width=\"598.0239999999999\">(Japanisches Heilstr\u00f6men) Praktikerin, da sie nicht nur einfach anzuwenden ist,<\/div>\n<div data-canvas-width=\"610.5306666666668\">sondern all das beinhaltet, was man im Leben braucht. Das Heilstr\u00f6men, dass ich<\/div>\n<div data-canvas-width=\"590.184\">aufgrund einer schweren Krankheit t\u00e4glich anwandte hat mein Leben auf allen<\/div>\n<div data-canvas-width=\"191.2586666666666\">Ebenen positiv ver\u00e4ndert.<\/div>\n<div data-canvas-width=\"631.5680000000001\">Zusammen mit dem Ho \u0301oponopono (ein uraltes hawaiianisches Vergebensritual) ist<\/div>\n<div data-canvas-width=\"639.5199999999999\">das Jin Shin Jyutsu meine gr\u00f6\u00dfte Leidenschaft geworden, die ich nun gerne mit Ihnen<\/div>\n<div data-canvas-width=\"626.1546666666667\">teilen m\u00f6chte, damit auch Sie schnell wieder Vertrauen fassen, gesund werden und<\/div>\n<div data-canvas-width=\"153.57066666666665\">Hoffnung sch\u00f6pfen.<\/div>\n<div data-canvas-width=\"575.7360000000001\">Daher lade ich Sie jetzt herzlich dazu ein, diese uralte japanische Heilkunst,<\/div>\n<div data-canvas-width=\"272.0293333333333\">auszupropieren, da sie nicht nur vor<\/div>\n<div data-canvas-width=\"263.83466666666664\">chronischen Krankheiten sch\u00fctzt<\/div>\n<div data-canvas-width=\"80.37866666666667\">und diese<\/div>\n<div data-canvas-width=\"264.30133333333333\">heilt, sondern auch Emotionen wie<\/div>\n<div data-canvas-width=\"331.98666666666657\">Wut, Trauer, Sorgen und Angst(zust\u00e4nde)<\/div>\n<div data-canvas-width=\"99.008\">harmonisiert.<\/div>\n<div data-canvas-width=\"616.1493333333332\">Das Heilstr\u00f6men ist leicht zu lernen und \u00fcberall und jederzeit anzuwenden, wobei<\/div>\n<div data-canvas-width=\"552.9626666666668\">sich der Gesundheitszustand bereits nach kurzer Zeit erheblich verbessert.<\/div>\n<div data-canvas-width=\"612.0053333333333\">Als Heil- und JSJ- Praktikerin biete ich Ihnen eine ganzheitliche Behandlung, die<\/div>\n<div data-canvas-width=\"583.5199999999998\">JSJ- Selbsthilfetipps, Ern\u00e4hrungsberatung und Naturheilmittel miteinschlie\u00dft.<\/div>\n<div data-canvas-width=\"572.8426666666666\">Desweitern leite ich verschiedene Workshops, f\u00fchre JSJ- Sitzungen auf dem<\/div>\n<div data-canvas-width=\"589.8480000000002\">Behandlungstisch durch und wende verschiedene Massagen, auf Wunsch auch<\/div>\n<div data-canvas-width=\"107.81866666666667\">Heilzahlen an.<\/div>\n<div data-canvas-width=\"641.5920000000001\">Wenn Sie Ihren Gesundheitszustand auf allen Ebenen verbessern m\u00f6chten, warten Sie<\/div>\n<div data-canvas-width=\"628.5813333333333\">nicht zu lange! Schon bei der ersten Kontaktaufnahme zeige ich Ihnen, wie Sie sich<\/div>\n<div data-canvas-width=\"159.63733333333332\">selbst helfen k\u00f6nnen!<\/div>\n<div data-canvas-width=\"583.9493333333335\">Achten Sie auf Ihre Gesundheit, und praktizieren Sie Selbstliebe! Sie sind die<\/div>\n<div data-canvas-width=\"591.9946666666667\">wichtigste Person in Ihrem Leben. Wenn Sie sich ver\u00e4ndern, ver\u00e4ndert sich Ihr<\/div>\n<div data-canvas-width=\"367.39733333333334\">Umfeld. Und wenn es Ihnen gutgeht ist alles gut!<\/div>\n<div data-canvas-width=\"151.2933333333333\">Mit ganz viel Liebe,<\/div>\n<div data-canvas-width=\"150.88266666666667\">Corinna Hagen<\/div>\n<div>\u200b<\/div>\n<\/div>\n<\/div>\n<\/div>\n<\/div>\n<\/div>\n<\/div><\/section><\/div>\n","protected":false},"excerpt":{"rendered":"","protected":false},"author":1,"featured_media":0,"parent":0,"menu_order":0,"comment_status":"open","ping_status":"open","template":"","meta":{"_joinchat":[]},"_links":{"self":[{"href":"https:\/\/www.jsj-javea.com\/de\/wp-json\/wp\/v2\/pages\/1040"}],"collection":[{"href":"https:\/\/www.jsj-javea.com\/de\/wp-json\/wp\/v2\/pages"}],"about":[{"href":"https:\/\/www.jsj-javea.com\/de\/wp-json\/wp\/v2\/types\/page"}],"author":[{"embeddable":true,"href":"https:\/\/www.jsj-javea.com\/de\/wp-json\/wp\/v2\/users\/1"}],"replies":[{"embeddable":true,"href":"https:\/\/www.jsj-javea.com\/de\/wp-json\/wp\/v2\/comments?post=1040"}],"version-history":[{"count":8,"href":"https:\/\/www.jsj-javea.com\/de\/wp-json\/wp\/v2\/pages\/1040\/revisions"}],"predecessor-version":[{"id":1409,"href":"https:\/\/www.jsj-javea.com\/de\/wp-json\/wp\/v2\/pages\/1040\/revisions\/1409"}],"wp:attachment":[{"href":"https:\/\/www.jsj-javea.com\/de\/wp-json\/wp\/v2\/media?parent=1040"}],"curies":[{"name":"wp","href":"https:\/\/api.w.org\/{rel}","templated":true}]}}